{"id":15,"date":"2020-01-31T17:44:36","date_gmt":"2020-01-31T17:44:36","guid":{"rendered":"https:\/\/www.coreander-travelmore.ch\/?page_id=15"},"modified":"2021-03-18T18:57:48","modified_gmt":"2021-03-18T18:57:48","slug":"ueber-uns","status":"publish","type":"page","link":"https:\/\/www.coreander-travelmore.ch\/index.php\/ueber-uns\/","title":{"rendered":"\u00fcber mich"},"content":{"rendered":"\n<div class=\"wp-block-image\"><figure class=\"aligncenter size-large\"><img loading=\"lazy\" decoding=\"async\" width=\"415\" height=\"323\" src=\"https:\/\/www.coreander-travelmore.ch\/wp-content\/uploads\/2020\/01\/img_small.jpg\" alt=\"\" class=\"wp-image-36\" srcset=\"https:\/\/www.coreander-travelmore.ch\/wp-content\/uploads\/2020\/01\/img_small.jpg 415w, https:\/\/www.coreander-travelmore.ch\/wp-content\/uploads\/2020\/01\/img_small-300x233.jpg 300w\" sizes=\"auto, (max-width: 415px) 100vw, 415px\" \/><figcaption>Isabelle Denzler<\/figcaption><\/figure><\/div>\n\n\n\n<p>Ich arbeite schon seit jeher in der Tourismusbranche. Als gelernte Reisekauffrau habe ich zuerst in verschiedenen Reiseb\u00fcros gearbeitet, unter anderem bei Wettstein Reisen und Vista. Anschliessend war ich viele Jahre im Touroperating t\u00e4tig, f\u00fcr Schiffsreisen in Russland und in der ganzen Welt. Nach abgeschlossenem Studium zur Tourismusexpertin an der Internationalen Schule f\u00fcr Touristik habe ich lange Zeit im Incoming gearbeitet und so auch die Sch\u00f6nheiten der Schweiz und der umliegenden L\u00e4nder kennengelernt. Mit meinem Wissen aus dem  Nachdiplomstudium im Bereich Dienstleistungsmanagement kann ich meine zwei Leidenschaften Reisen und perfekte Dienstleistungsqualit\u00e4t mit coreander travelmore vereinen.<\/p>\n\n\n\n<p>Jetzt wage ich es! coreander travelmore war schon immer ein Traum von mir. Ich liebe das Reisen und sch\u00e4tze Qualit\u00e4t. Und bin immer auf der Suche nach sch\u00f6nen und speziellen Orten. Diese Tipps behalte ich nicht f\u00fcr mich, sondern ich lasse Sie in meinem Blog teilhaben. <\/p>\n\n\n\n<p>\u201cMan muss reisen, um zu lernen. \u201c \u2013 Mark Twain.<\/p>\n","protected":false},"excerpt":{"rendered":"<p>Ich arbeite schon seit jeher in der Tourismusbranche. Als gelernte Reisekauffrau habe ich zuerst in verschiedenen Reiseb\u00fcros gearbeitet, unter anderem bei Wettstein Reisen und Vista.Tour Details<\/p>\n","protected":false},"author":2,"featured_media":0,"parent":0,"menu_order":0,"comment_status":"closed","ping_status":"closed","template":"","meta":{"footnotes":""},"class_list":["post-15","page","type-page","status-publish","hentry"],"_links":{"self":[{"href":"https:\/\/www.coreander-travelmore.ch\/index.php\/wp-json\/wp\/v2\/pages\/15","targetHints":{"allow":["GET"]}}],"collection":[{"href":"https:\/\/www.coreander-travelmore.ch\/index.php\/wp-json\/wp\/v2\/pages"}],"about":[{"href":"https:\/\/www.coreander-travelmore.ch\/index.php\/wp-json\/wp\/v2\/types\/page"}],"author":[{"embeddable":true,"href":"https:\/\/www.coreander-travelmore.ch\/index.php\/wp-json\/wp\/v2\/users\/2"}],"replies":[{"embeddable":true,"href":"https:\/\/www.coreander-travelmore.ch\/index.php\/wp-json\/wp\/v2\/comments?post=15"}],"version-history":[{"count":12,"href":"https:\/\/www.coreander-travelmore.ch\/index.php\/wp-json\/wp\/v2\/pages\/15\/revisions"}],"predecessor-version":[{"id":107,"href":"https:\/\/www.coreander-travelmore.ch\/index.php\/wp-json\/wp\/v2\/pages\/15\/revisions\/107"}],"wp:attachment":[{"href":"https:\/\/www.coreander-travelmore.ch\/index.php\/wp-json\/wp\/v2\/media?parent=15"}],"curies":[{"name":"wp","href":"https:\/\/api.w.org\/{rel}","templated":true}]}}