{"id":12,"date":"2021-02-28T17:57:00","date_gmt":"2021-02-28T17:57:00","guid":{"rendered":"https:\/\/www.coreander-travelmore.ch\/?page_id=12"},"modified":"2021-03-18T19:04:32","modified_gmt":"2021-03-18T19:04:32","slug":"reisen-ist-unsere-passion","status":"publish","type":"page","link":"https:\/\/www.coreander-travelmore.ch\/index.php\/reisen-ist-unsere-passion\/","title":{"rendered":"liebe Hoteldirektion"},"content":{"rendered":"\n<p>Es sind die kleinen Sachen, die den Unterschied machen. Dienstleistung ist das A und O. Hotels k\u00f6nnen \u00fcber eine super Infrastruktur verf\u00fcgen, wenn das die Dienstleistungsqualit\u00e4t nicht stimmt, wird der Gast nicht gl\u00fccklich sein. <\/p>\n\n\n\n<p>Ich bin immer auf der Suche nach dem Besonderen mit DER besonderen Service- und Dienstleistungsorientierung. Unterk\u00fcnfte, bei denen der Gast K\u00f6nig ist. Das k\u00f6nnen kleine Lodges, charmante B&amp;B&#8217;s, luxuri\u00f6se Hotels oder ganz spezielle Unterk\u00fcnfte sein.  <\/p>\n\n\n\n<p>Nach jedem Aufenthalt gebe ich der Direktion ehrliches Feedback zu  meinem Aufenthalt. In meinem Fokus sind die soft Skills und die Diestleistungs- und Servicequalit\u00e4t. Dieses Feedback wird \u00e4usserst gesch\u00e4tzt, so schreibt zB der CEO des Palafitte in Neuch\u00e2tel:  Ihre konstruktive Kritik wurde sehr gesch\u00e4tzt.  Ich teile Ihre Ansicht zu 100%&nbsp;: Die sogenannten Soft Skills machen den Unterschied.&#187;<\/p>\n\n\n\n<p>Gerne komme ich als Gast in Ihr Hotel und stelle Ihnen anschliessend ein umfassendes Dokument \u00fcber meine Erfahrungen zu. Sie wissen, es sind die Soft Skills, die den Unterschied machen. <\/p>\n\n\n\n<p>Ich freue mich auf Ihre Kontaktaufnahme.<\/p>\n","protected":false},"excerpt":{"rendered":"<p>Es sind die kleinen Sachen, die den Unterschied machen. Dienstleistung ist das A und O. Hotels k\u00f6nnen \u00fcber eine super Infrastruktur verf\u00fcgen, wenn das dieTour Details<\/p>\n","protected":false},"author":2,"featured_media":0,"parent":0,"menu_order":0,"comment_status":"closed","ping_status":"closed","template":"","meta":{"footnotes":""},"class_list":["post-12","page","type-page","status-publish","hentry"],"_links":{"self":[{"href":"https:\/\/www.coreander-travelmore.ch\/index.php\/wp-json\/wp\/v2\/pages\/12","targetHints":{"allow":["GET"]}}],"collection":[{"href":"https:\/\/www.coreander-travelmore.ch\/index.php\/wp-json\/wp\/v2\/pages"}],"about":[{"href":"https:\/\/www.coreander-travelmore.ch\/index.php\/wp-json\/wp\/v2\/types\/page"}],"author":[{"embeddable":true,"href":"https:\/\/www.coreander-travelmore.ch\/index.php\/wp-json\/wp\/v2\/users\/2"}],"replies":[{"embeddable":true,"href":"https:\/\/www.coreander-travelmore.ch\/index.php\/wp-json\/wp\/v2\/comments?post=12"}],"version-history":[{"count":10,"href":"https:\/\/www.coreander-travelmore.ch\/index.php\/wp-json\/wp\/v2\/pages\/12\/revisions"}],"predecessor-version":[{"id":108,"href":"https:\/\/www.coreander-travelmore.ch\/index.php\/wp-json\/wp\/v2\/pages\/12\/revisions\/108"}],"wp:attachment":[{"href":"https:\/\/www.coreander-travelmore.ch\/index.php\/wp-json\/wp\/v2\/media?parent=12"}],"curies":[{"name":"wp","href":"https:\/\/api.w.org\/{rel}","templated":true}]}}